{"id":14,"date":"2025-05-27T22:06:33","date_gmt":"2025-05-27T22:06:33","guid":{"rendered":"http:\/\/isteetkinlik.com\/?page_id=14"},"modified":"2025-12-23T19:47:11","modified_gmt":"2025-12-23T19:47:11","slug":"ana-sayfa","status":"publish","type":"page","link":"https:\/\/isteetkinlik.com\/","title":{"rendered":"Ana sayfa"},"content":{"rendered":"\n<div class=\"wp-block-cover alignfull is-light hestia-clear-top-padding\"><span aria-hidden=\"true\" class=\"wp-block-cover__background has-white-background-color has-background-dim-100 has-background-dim\"><\/span><div class=\"wp-block-cover__inner-container is-layout-flow wp-block-cover-is-layout-flow\">\n<h2 class=\"wp-block-heading has-text-align-center has-text-color\" style=\"color:#3c4858\"><strong>Bu Grup Ne?<\/strong><\/h2>\n\n\n\n<div style=\"height:40px\" aria-hidden=\"true\" class=\"wp-block-spacer\"><\/div>\n\n\n\n<div class=\"wp-block-columns container is-layout-flex wp-container-core-columns-is-layout-28f84493 wp-block-columns-is-layout-flex\">\n<div class=\"wp-block-column is-layout-flow wp-block-column-is-layout-flow\"><div class=\"wp-block-image\">\n<figure class=\"aligncenter size-large\"><img decoding=\"async\" src=\"http:\/\/isteetkinlik.com\/wp-content\/themes\/hestia\/assets\/img\/feat1.png\" alt=\"\" class=\"wp-image-70\"\/><\/figure>\n<\/div>\n\n\n<h5 class=\"wp-block-heading has-text-align-center has-text-color\" style=\"color:#3c4858;font-size:18px\">Az Ki\u015fi<\/h5>\n\n\n\n<p class=\"has-text-align-center has-text-color\" style=\"color:#999999;font-size:14px\">8\u201320 ki\u015fi.<br>Herkes birbirini tan\u0131r.<br>Kalabal\u0131k yok.<\/p>\n\n\n\n<div style=\"height:25px\" aria-hidden=\"true\" class=\"wp-block-spacer\"><\/div>\n<\/div>\n\n\n\n<div class=\"wp-block-column is-layout-flow wp-block-column-is-layout-flow\"><div class=\"wp-block-image\">\n<figure class=\"aligncenter size-large\"><img decoding=\"async\" src=\"http:\/\/isteetkinlik.com\/wp-content\/themes\/hestia\/assets\/img\/feat2.png\" alt=\"\" class=\"wp-image-71\"\/><\/figure>\n<\/div>\n\n\n<h5 class=\"wp-block-heading has-text-align-center has-text-color\" style=\"color:#3c4858;font-size:18px\">Aktivite var<\/h5>\n\n\n\n<p class=\"has-text-align-center has-text-color\" style=\"color:#999999;font-size:14px\">Paintball oynan\u0131r.<br>Mangal yak\u0131l\u0131r.<br>Y\u00fcr\u00fcy\u00fc\u015fe \u00e7\u0131k\u0131l\u0131r. <br>Rafting yap\u0131l\u0131r<\/p>\n\n\n\n<p class=\"has-text-align-center has-text-color\" style=\"color:#999999;font-size:14px\"><\/p>\n\n\n\n<p class=\"has-text-align-center has-text-color\" style=\"color:#999999;font-size:14px\">.<\/p>\n\n\n\n<div style=\"height:25px\" aria-hidden=\"true\" class=\"wp-block-spacer\"><\/div>\n<\/div>\n\n\n\n<div class=\"wp-block-column is-layout-flow wp-block-column-is-layout-flow\"><div class=\"wp-block-image\">\n<figure class=\"aligncenter size-large\"><img decoding=\"async\" src=\"http:\/\/isteetkinlik.com\/wp-content\/themes\/hestia\/assets\/img\/feat3.png\" alt=\"\" class=\"wp-image-72\"\/><\/figure>\n<\/div>\n\n\n<h5 class=\"wp-block-heading has-text-align-center has-text-color\" style=\"color:#3c4858;font-size:18px\">\u0130\u015f Arkada\u015fl\u0131\u011f\u0131<\/h5>\n\n\n\n<p class=\"has-text-align-center has-text-color\" style=\"color:#999999;font-size:14px\">Sunum yok.<br>Sat\u0131\u015f bask\u0131s\u0131 yok.<br>Do\u011fal sohbet var<\/p>\n\n\n\n<p class=\"has-text-align-center has-text-color\" style=\"color:#999999;font-size:14px\"><\/p>\n\n\n\n<div style=\"height:25px\" aria-hidden=\"true\" class=\"wp-block-spacer\"><\/div>\n<\/div>\n<\/div>\n\n\n\n<div style=\"height:40px\" aria-hidden=\"true\" class=\"wp-block-spacer\"><\/div>\n<\/div><\/div>\n\n\n\n<div class=\"wp-block-columns container is-layout-flex wp-container-core-columns-is-layout-28f84493 wp-block-columns-is-layout-flex\">\n<div class=\"wp-block-column col-md-5 is-layout-flow wp-block-column-is-layout-flow\">\n<div style=\"height:55px\" aria-hidden=\"true\" class=\"wp-block-spacer\"><\/div>\n\n\n\n<h2 class=\"wp-block-heading\"><strong>\u0130\u015f &amp; Aktivite Nedir?<\/strong><\/h2>\n\n\n\n<p>Bu grup;<br>masa ba\u015f\u0131 toplant\u0131lardan,<br>kalabal\u0131k networking etkinliklerinden s\u0131k\u0131lm\u0131\u015f<br>insanlar\u0131n bir araya gelmesiyle olu\u015ftu.<\/p>\n\n\n\n<p>Bazen paintball oynar\u0131z,<br>bazen mangal yakar\u0131z.<br>Ama mutlaka sohbet ederiz.<\/p>\n\n\n\n<p>\u0130\u015f de zaten b\u00f6yle \u00e7\u0131kar.<\/p>\n<\/div>\n\n\n\n<div class=\"wp-block-column col-md-6 col-md-offset1 is-layout-flow wp-block-column-is-layout-flow\">\n<div style=\"height:55px\" aria-hidden=\"true\" class=\"wp-block-spacer\"><\/div>\n\n\n\n<figure class=\"wp-block-image size-large\"><img loading=\"lazy\" decoding=\"async\" width=\"1024\" height=\"391\" src=\"http:\/\/isteetkinlik.com\/wp-content\/uploads\/2025\/12\/etkinlik-1024x391.png\" alt=\"\" class=\"wp-image-58\" srcset=\"https:\/\/isteetkinlik.com\/wp-content\/uploads\/2025\/12\/etkinlik-1024x391.png 1024w, https:\/\/isteetkinlik.com\/wp-content\/uploads\/2025\/12\/etkinlik-600x229.png 600w, https:\/\/isteetkinlik.com\/wp-content\/uploads\/2025\/12\/etkinlik-300x114.png 300w, https:\/\/isteetkinlik.com\/wp-content\/uploads\/2025\/12\/etkinlik-768x293.png 768w, https:\/\/isteetkinlik.com\/wp-content\/uploads\/2025\/12\/etkinlik.png 1374w\" sizes=\"auto, (max-width: 1024px) 100vw, 1024px\" \/><\/figure>\n\n\n\n<p><\/p>\n<\/div>\n<\/div>\n","protected":false},"excerpt":{"rendered":"<p>\u0130\u015f &amp; Aktivite Nedir? Bu grup;masa ba\u015f\u0131 toplant\u0131lardan,kalabal\u0131k networking etkinliklerinden s\u0131k\u0131lm\u0131\u015finsanlar\u0131n bir araya gelmesiyle olu\u015ftu. Bazen paintball oynar\u0131z,bazen mangal yakar\u0131z.Ama mutlaka sohbet ederiz. \u0130\u015f de zaten b\u00f6yle \u00e7\u0131kar.<\/p>\n","protected":false},"author":1,"featured_media":0,"parent":0,"menu_order":0,"comment_status":"closed","ping_status":"closed","template":"","meta":{"footnotes":""},"class_list":["post-14","page","type-page","status-publish","hentry"],"_links":{"self":[{"href":"https:\/\/isteetkinlik.com\/index.php\/wp-json\/wp\/v2\/pages\/14","targetHints":{"allow":["GET"]}}],"collection":[{"href":"https:\/\/isteetkinlik.com\/index.php\/wp-json\/wp\/v2\/pages"}],"about":[{"href":"https:\/\/isteetkinlik.com\/index.php\/wp-json\/wp\/v2\/types\/page"}],"author":[{"embeddable":true,"href":"https:\/\/isteetkinlik.com\/index.php\/wp-json\/wp\/v2\/users\/1"}],"replies":[{"embeddable":true,"href":"https:\/\/isteetkinlik.com\/index.php\/wp-json\/wp\/v2\/comments?post=14"}],"version-history":[{"count":6,"href":"https:\/\/isteetkinlik.com\/index.php\/wp-json\/wp\/v2\/pages\/14\/revisions"}],"predecessor-version":[{"id":61,"href":"https:\/\/isteetkinlik.com\/index.php\/wp-json\/wp\/v2\/pages\/14\/revisions\/61"}],"wp:attachment":[{"href":"https:\/\/isteetkinlik.com\/index.php\/wp-json\/wp\/v2\/media?parent=14"}],"curies":[{"name":"wp","href":"https:\/\/api.w.org\/{rel}","templated":true}]}}